{"id":2969458,"date":"2025-03-25T10:15:59","date_gmt":"2025-03-25T10:15:59","guid":{"rendered":"https:\/\/sams.acrowd.se\/?page_id=2969458"},"modified":"2025-12-17T08:18:05","modified_gmt":"2025-12-17T08:18:05","slug":"kontakta-oss","status":"publish","type":"page","link":"https:\/\/samsgruppen.se\/en\/kontakta-oss\/","title":{"rendered":"Contact us"},"content":{"rendered":"<div style=\"height:50px\" aria-hidden=\"true\" class=\"wp-block-spacer\"><\/div>\n\n\n\n<div style=\"height:50px\" aria-hidden=\"true\" class=\"wp-block-spacer\"><\/div>\n\n\n\n<div class=\"wp-block-columns alignwide is-layout-flex wp-container-core-columns-is-layout-9d6595d7 wp-block-columns-is-layout-flex\">\n<div class=\"wp-block-column is-content-justification-left is-layout-constrained wp-container-core-column-is-layout-408cd6c9 wp-block-column-is-layout-constrained\">\n<h1 class=\"wp-block-heading\">Contact us<\/h1>\n\n\n\n<p>Here you will find our contact information.<\/p>\n\n\n\n<p><\/p>\n<\/div>\n\n\n\n<div class=\"wp-block-column is-content-justification-right is-layout-constrained wp-container-core-column-is-layout-42ea6a6d wp-block-column-is-layout-constrained\"><div  class=\"tebab-block-icon_list\">\n    <\/div>\n\n<div  class=\"tebab-block-icon_list\">\n    <\/div>\n\n<div  class=\"tebab-block-icon_list notranslate\">\n            \n                    <div class=\"row\">\n                    <div class=\"wrapper\">\n                <img decoding=\"async\" src=\"https:\/\/samsgruppen.se\/wp-content\/uploads\/2025\/03\/call_FILL0_wght400_GRAD0_opsz2469793.png\" alt=\"\">\n            <\/div>\n                            <a href=\"tel:+46734455451\" class=\"text h4\">\n                    +46 734 455 451                <\/a>\n                                <\/div>\n                    \n                    <div class=\"row\">\n                    <div class=\"wrapper\">\n                <img decoding=\"async\" src=\"https:\/\/samsgruppen.se\/wp-content\/uploads\/2025\/03\/alternate_email_FILL0_wght400_GRAD0_opsz2469796.png\" alt=\"\">\n            <\/div>\n                            <a href=\"mailto:kansliet@samsgruppen.se\" class=\"text h4\">\n                    office@samsgruppen.se                <\/a>\n                                <\/div>\n            <\/div><\/div>\n<\/div>\n\n\n\n<h1 class=\"wp-block-heading alignwide\">Our office<\/h1>\n\n\n<section  class=\"tebab-block-person_grid alignwide layout-small\">\n    <div class=\"contained\">\n        <div class=\"grid\">\n            <div class=\"person-card\">\n    \n            <div class=\"featured_image\">\n            <img loading=\"lazy\" decoding=\"async\" width=\"300\" height=\"300\" src=\"https:\/\/samsgruppen.se\/wp-content\/uploads\/2025\/03\/Therese-Premler-Andersson_s-300x300.png\" class=\"attachment-medium size-medium\" alt=\"\" srcset=\"https:\/\/samsgruppen.se\/wp-content\/uploads\/2025\/03\/Therese-Premler-Andersson_s-300x300.png 300w, https:\/\/samsgruppen.se\/wp-content\/uploads\/2025\/03\/Therese-Premler-Andersson_s-150x150.png 150w, https:\/\/samsgruppen.se\/wp-content\/uploads\/2025\/03\/Therese-Premler-Andersson_s-768x769.png 768w, https:\/\/samsgruppen.se\/wp-content\/uploads\/2025\/03\/Therese-Premler-Andersson_s.png 1000w\" sizes=\"auto, (max-width: 300px) 100vw, 300px\" \/>        <\/div>\n    \n    <div class=\"content-wrapper\">\n        <div class=\"top\">\n                    <\/div>\n        \n        <h3>Therese Premler Andersson<\/h3>\n\n                    <div class=\"excerpt\">\n                Generalsekreterare            <\/div>\n        \n        <div class=\"links\">\n                            <a href=\"tel:+4673-445 54 51\">\n                    <div class=\"icon icon-phone\"><\/div> +4673-445 54 51                <\/a>\n            \n                            <a href=\"mailto:kansliet@samsgruppen.se\">\n                    <div class=\"icon icon-envelope\"><\/div> office@samsgruppen.se                <\/a>\n                    <\/div>\n        \n    <\/div>\n<\/div>        <\/div>\n    <\/div>\n<\/section>\n\n\n<div style=\"height:50px\" aria-hidden=\"true\" class=\"wp-block-spacer\"><\/div>\n\n\n\n<div class=\"wp-block-group alignfull is-layout-constrained wp-block-group-is-layout-constrained\">\n<div class=\"wp-block-group alignwide tebab-form-image is-nowrap is-layout-flex wp-container-core-group-is-layout-ad2f72ca wp-block-group-is-layout-flex\">\n<figure class=\"wp-block-image size-full is-style-rounded\"><img loading=\"lazy\" decoding=\"async\" width=\"1500\" height=\"1500\" src=\"https:\/\/sams.acrowd.se\/wp-content\/uploads\/2025\/03\/AdobeStock_440603140.jpg\" alt=\"\" class=\"wp-image-2969478\" srcset=\"https:\/\/samsgruppen.se\/wp-content\/uploads\/2025\/03\/AdobeStock_440603140.jpg 1500w, https:\/\/samsgruppen.se\/wp-content\/uploads\/2025\/03\/AdobeStock_440603140-300x300.jpg 300w, https:\/\/samsgruppen.se\/wp-content\/uploads\/2025\/03\/AdobeStock_440603140-1024x1024.jpg 1024w, https:\/\/samsgruppen.se\/wp-content\/uploads\/2025\/03\/AdobeStock_440603140-150x150.jpg 150w, https:\/\/samsgruppen.se\/wp-content\/uploads\/2025\/03\/AdobeStock_440603140-768x768.jpg 768w, https:\/\/samsgruppen.se\/wp-content\/uploads\/2025\/03\/AdobeStock_440603140-1080x1080.jpg 1080w\" sizes=\"auto, (max-width: 1500px) 100vw, 1500px\" \/><\/figure>\n\n\n\n<div class=\"wp-block-group tebab-form-image__content has-white-background-color has-background wp-container-content-9cfa9a5a is-layout-constrained wp-block-group-is-layout-constrained\">\n<h2 class=\"wp-block-heading\">Would you rather be contacted by us?&nbsp;<\/h2>\n\n\n\n<p>Fill out the form and we will get back to you as soon as possible!<\/p>\n\n\n<section  class=\"tebab-block-form\">\n    <form data-tebab-form=\"block_5503aed1d15347ead2478487391df9ae\" data-tebab-page=\"2969458\" action=\"\">\n        <label class=\"input-wrapper\" for=\"foretag-organisation\">\n    <span>F\u00f6retag\/organisation:<\/span>\n    <input type=\"text\" name=\"foretag-organisation\" id=\"foretag-organisation\" placeholder=\"\" >\n<\/label><label class=\"input-wrapper required\" for=\"kontakta-mig\">\n    <span>Email *<\/span>\n    <input type=\"email\" name=\"kontakta-mig\" id=\"kontakta-mig\" placeholder=\"\" required>\n<\/label><label class=\"input-wrapper\" for=\"meddelande\">\n    <span>Meddelande:<\/span>\n    <textarea type=\"text\" name=\"meddelande\" id=\"meddelande\" placeholder=\"\"  rows=\"6\"><\/textarea>\n<\/label><label class=\"input-wrapper required\" for=\"samtycke\">\n    <input type=\"checkbox\" name=\"samtycke\" id=\"samtycke\" required>\n    <span>Samtycke till behandling av personuppgifter. F\u00f6r mer information, v\u00e4nligen l\u00e4s v\u00e5r personuppgiftspolicy. *<\/span>\n<\/label>\n        <div class=\"input-wrapper\">\n            <button type=\"submit\" class=\"button\">Send<\/button>\n        <\/div>\n\n            <input type=\"hidden\" name=\"trp-form-language\" value=\"en\"\/><\/form>\n<\/section><\/div>\n<\/div>\n<\/div>\n\n\n\n<div style=\"height:50px\" aria-hidden=\"true\" class=\"wp-block-spacer\"><\/div>\n\n\n\n<p><\/p>","protected":false},"excerpt":{"rendered":"<p>Kontakta oss H\u00e4r hittar du kontaktuppgifter till oss. V\u00e5rt kansli Vill du hellre bli kontaktad av oss?&nbsp; Fyll i formul\u00e4ret s\u00e5 \u00e5terkommer vi s\u00e5 fort som m\u00f6jligt!<\/p>","protected":false},"author":8,"featured_media":0,"parent":0,"menu_order":0,"comment_status":"closed","ping_status":"closed","template":"","meta":{"footnotes":""},"class_list":["post-2969458","page","type-page","status-publish","hentry"],"acf":[],"_links":{"self":[{"href":"https:\/\/samsgruppen.se\/en\/wp-json\/wp\/v2\/pages\/2969458","targetHints":{"allow":["GET"]}}],"collection":[{"href":"https:\/\/samsgruppen.se\/en\/wp-json\/wp\/v2\/pages"}],"about":[{"href":"https:\/\/samsgruppen.se\/en\/wp-json\/wp\/v2\/types\/page"}],"author":[{"embeddable":true,"href":"https:\/\/samsgruppen.se\/en\/wp-json\/wp\/v2\/users\/8"}],"replies":[{"embeddable":true,"href":"https:\/\/samsgruppen.se\/en\/wp-json\/wp\/v2\/comments?post=2969458"}],"version-history":[{"count":22,"href":"https:\/\/samsgruppen.se\/en\/wp-json\/wp\/v2\/pages\/2969458\/revisions"}],"predecessor-version":[{"id":2969892,"href":"https:\/\/samsgruppen.se\/en\/wp-json\/wp\/v2\/pages\/2969458\/revisions\/2969892"}],"wp:attachment":[{"href":"https:\/\/samsgruppen.se\/en\/wp-json\/wp\/v2\/media?parent=2969458"}],"curies":[{"name":"wp","href":"https:\/\/api.w.org\/{rel}","templated":true}]}}